{"id":37,"date":"2013-04-03T15:00:57","date_gmt":"2013-04-03T14:00:57","guid":{"rendered":"http:\/\/www.yvancliche.org\/?page_id=37"},"modified":"2025-09-26T14:24:42","modified_gmt":"2025-09-26T18:24:42","slug":"bienvenue","status":"publish","type":"page","link":"https:\/\/www.yvancliche.org\/","title":{"rendered":"Accueil"},"content":{"rendered":"<p>Bienvenue \u00e0 <a href=\"http:\/\/www.yvancliche.org\/\">www.yvancliche.org<\/a><\/p>\n<p>Ce site web, ouvert en 2014, rassemble la plupart de mes textes publi\u00e9s depuis trois d\u00e9cennies (articles, opinions, critiques de livres), principalement dans des m\u00e9dias du Qu\u00e9bec (Canada).<\/p>\n<p>J&rsquo;ai commenc\u00e9 \u00e0 \u00e9crire d&rsquo;abord en politique municipale, puis en gestion\/management et, par la suite, principalement sur des enjeux internationaux, notamment sur le monde arabe et l&rsquo;Afrique.<\/p>\n<p>Comme fellow et chercheur au Centre d&rsquo;\u00e9tudes et de recherches internationales de l&rsquo;Universit\u00e9 de Montr\u00e9al (C\u00c9RIUM), j&rsquo;\u00e9cris surtout sur le secteur \u00e9nerg\u00e9tique, o\u00f9 j&rsquo;ai \u00e9volu\u00e9 pendant trois d\u00e9cennies.<\/p>\n","protected":false},"excerpt":{"rendered":"<p>Bienvenue \u00e0 www.yvancliche.org Ce site web, ouvert en 2014, rassemble la plupart de mes textes publi\u00e9s depuis trois d\u00e9cennies (articles, opinions, critiques de livres), principalement dans des m\u00e9dias du Qu\u00e9bec (Canada). J&rsquo;ai commenc\u00e9 \u00e0 \u00e9crire d&rsquo;abord en politique municipale, puis en gestion\/management et, par la suite, principalement sur des enjeux internationaux, notamment sur le monde [&hellip;]<\/p>\n","protected":false},"author":1,"featured_media":0,"parent":0,"menu_order":0,"comment_status":"closed","ping_status":"closed","template":"page-with-sidebar","meta":{"footnotes":""},"class_list":["post-37","page","type-page","status-publish","hentry"],"_links":{"self":[{"href":"https:\/\/www.yvancliche.org\/index.php?rest_route=\/wp\/v2\/pages\/37","targetHints":{"allow":["GET"]}}],"collection":[{"href":"https:\/\/www.yvancliche.org\/index.php?rest_route=\/wp\/v2\/pages"}],"about":[{"href":"https:\/\/www.yvancliche.org\/index.php?rest_route=\/wp\/v2\/types\/page"}],"author":[{"embeddable":true,"href":"https:\/\/www.yvancliche.org\/index.php?rest_route=\/wp\/v2\/users\/1"}],"replies":[{"embeddable":true,"href":"https:\/\/www.yvancliche.org\/index.php?rest_route=%2Fwp%2Fv2%2Fcomments&post=37"}],"version-history":[{"count":19,"href":"https:\/\/www.yvancliche.org\/index.php?rest_route=\/wp\/v2\/pages\/37\/revisions"}],"predecessor-version":[{"id":3005,"href":"https:\/\/www.yvancliche.org\/index.php?rest_route=\/wp\/v2\/pages\/37\/revisions\/3005"}],"wp:attachment":[{"href":"https:\/\/www.yvancliche.org\/index.php?rest_route=%2Fwp%2Fv2%2Fmedia&parent=37"}],"curies":[{"name":"wp","href":"https:\/\/api.w.org\/{rel}","templated":true}]}}